{"id":167,"date":"2019-06-06T04:25:36","date_gmt":"2019-06-06T04:25:36","guid":{"rendered":"https:\/\/autismo.odo.br\/site\/?page_id=167"},"modified":"2025-12-21T17:58:46","modified_gmt":"2025-12-21T17:58:46","slug":"atendimento-odontologico-pacientes-com-necessidades-especiais-pne-brasilia-df","status":"publish","type":"page","link":"https:\/\/autismo.odo.br\/site\/atendimento-odontologico-pacientes-com-necessidades-especiais-pne-brasilia-df\/","title":{"rendered":"Atendimento Odontol\u00f3gico Pacientes com Necessidades Especiais &#8211; PNE &#8211; Bras\u00edlia &#8211; DF"},"content":{"rendered":"\n<p><strong>Atendimento Odontol\u00f3gico para Pacientes com Necessidades Especiais<\/strong>:<br><br>Profa. Dra. <strong>Lais David Amaral<\/strong><\/p>\n\n\n\n<p><strong>Atendimento &#8211; Bras\u00edlia: <\/strong>Asa Sul <br><a href=\"https:\/\/wa.me\/+5561998757001\"><\/a><a href=\"https:\/\/wa.me\/+5561998757001\">Fale comigo diretamente via WhatsApp para agendar sua consulta!<\/a><br><a href=\"https:\/\/wa.me\/+5561998757001\">WhatsApp<\/a> | <a href=\"https:\/\/www.instagram.com\/autismoeodontologia\/\">Instagram<\/a><br><strong>Atendimento: <\/strong><br>Segunda \u00e0 S\u00e1bado \/ Domingo e Feriados (Emerg\u00eancias e Cirurgias Agendadas)<br><br><strong>Atendimento &#8211; \u00c1guas Claras<\/strong>: <br>\u00c1guas Claras Shopping e Instituto Ip\u00ea Amarelo (Novo!) <br><a href=\"https:\/\/wa.me\/+5561998757001\">Fale comigo diretamente via WhatsApp para agendar sua consulta!<\/a><br><a href=\"https:\/\/wa.me\/+5561998757001\">WhatsApp<\/a> | <a href=\"https:\/\/www.instagram.com\/autismoeodontologia\/\">Instagram<\/a><br><strong>Atendimento: <\/strong><br>Segunda \u00e0 S\u00e1bado \/ Domingo e Feriados (Emerg\u00eancias e Cirurgias Agendadas)<\/p>\n\n\n\n<p><strong>Atendimento Felicit\u00e0 Shopping (Instituto Ip\u00ea amarelo)&nbsp;<\/strong><br><span>Odontologia para Pacientes Especiais <\/span><br><span>Avenida Castanheira, Rua 36 Norte Lote 05<\/span><br><span>Loja 62 1\u00bapiso &#8211; Aguas Claras &#8211; CEP 71.900-900<\/span><br><span>Bras\u00edlia &#8211; DF<\/span><\/p>\n\n\n\n<p>T<strong>elefone para agendamento de consultas: <\/strong><br><strong><a href=\"https:\/\/wa.me\/5561998757001\" target=\"_blank\" rel=\"noreferrer noopener\">(061) 99875-<\/a><a href=\"https:\/\/wa.me\/5561998757001\">7001<\/a><\/strong> (Clique para contato via WhatsApp)<br>E-mail para Contato: <a href=\"lais.davidamaral@gmail.com\">lais.davidamaral@gmail.com <\/a><\/p>\n\n\n\n<h2><strong>Sobre a Profa. Dra. Lais David Amaral<\/strong><\/h2>\n\n\n\n<div class=\"wp-block-media-text is-stacked-on-mobile\"><figure class=\"wp-block-media-text__media\"><img data-opt-id=1282010439  fetchpriority=\"high\" decoding=\"async\" width=\"683\" height=\"1024\" data-attachment-id=\"911\" data-permalink=\"https:\/\/autismo.odo.br\/site\/atendimento-odontologico-pacientes-com-necessidades-especiais-pne-brasilia-df\/ipe-amarelo-10\/\" data-orig-file=\"https:\/\/mloxcugkbp6a.i.optimole.com\/w:auto\/h:auto\/q:mauto\/f:best\/https:\/\/autismo.odo.br\/site\/wp-content\/uploads\/2025\/12\/ipeamarelo-42-scaled.jpg\" data-orig-size=\"1707,2560\" data-comments-opened=\"0\" data-image-meta=\"{&quot;aperture&quot;:&quot;2.8&quot;,&quot;credit&quot;:&quot;Gi Vieira&quot;,&quot;camera&quot;:&quot;Canon EOS RP&quot;,&quot;caption&quot;:&quot;&quot;,&quot;created_timestamp&quot;:&quot;1762613057&quot;,&quot;copyright&quot;:&quot;\\u00a9 2025 Gi Vieira, all rights reserved.&quot;,&quot;focal_length&quot;:&quot;35&quot;,&quot;iso&quot;:&quot;640&quot;,&quot;shutter_speed&quot;:&quot;0.0025&quot;,&quot;title&quot;:&quot;Ip\\u00ea Amarelo&quot;,&quot;orientation&quot;:&quot;0&quot;}\" data-image-title=\"Ip\u00ea Amarelo\" data-image-description=\"\" data-image-caption=\"\" data-large-file=\"https:\/\/mloxcugkbp6a.i.optimole.com\/w:683\/h:1024\/q:mauto\/f:best\/https:\/\/autismo.odo.br\/site\/wp-content\/uploads\/2025\/12\/ipeamarelo-42.jpg\" src=\"https:\/\/mloxcugkbp6a.i.optimole.com\/w:683\/h:1024\/q:mauto\/f:best\/http:\/\/autismo.odo.br\/site\/wp-content\/uploads\/2025\/12\/ipeamarelo-42.jpg\" alt=\"\" class=\"wp-image-911 size-full\" srcset=\"https:\/\/mloxcugkbp6a.i.optimole.com\/w:683\/h:1024\/q:mauto\/f:best\/https:\/\/autismo.odo.br\/site\/wp-content\/uploads\/2025\/12\/ipeamarelo-42-scaled.jpg 683w, https:\/\/mloxcugkbp6a.i.optimole.com\/w:200\/h:300\/q:mauto\/f:best\/https:\/\/autismo.odo.br\/site\/wp-content\/uploads\/2025\/12\/ipeamarelo-42-scaled.jpg 200w, https:\/\/mloxcugkbp6a.i.optimole.com\/w:768\/h:1152\/q:mauto\/f:best\/https:\/\/autismo.odo.br\/site\/wp-content\/uploads\/2025\/12\/ipeamarelo-42-scaled.jpg 768w, https:\/\/mloxcugkbp6a.i.optimole.com\/w:1024\/h:1536\/q:mauto\/f:best\/https:\/\/autismo.odo.br\/site\/wp-content\/uploads\/2025\/12\/ipeamarelo-42-scaled.jpg 1024w, https:\/\/mloxcugkbp6a.i.optimole.com\/w:1365\/h:2048\/q:mauto\/f:best\/https:\/\/autismo.odo.br\/site\/wp-content\/uploads\/2025\/12\/ipeamarelo-42-scaled.jpg 1365w, https:\/\/mloxcugkbp6a.i.optimole.com\/w:1707\/h:2560\/q:mauto\/f:best\/https:\/\/autismo.odo.br\/site\/wp-content\/uploads\/2025\/12\/ipeamarelo-42-scaled.jpg 1707w\" sizes=\"(max-width: 683px) 100vw, 683px\" \/><\/figure><div class=\"wp-block-media-text__content\">\n<p>Graduada em Odontologia pela Universidade Paulista \u2013 UNIP, <strong>Doutora e Mestre em Ci\u00eancias da Sa\u00fade pela Universidade de Bras\u00edlia \u2013 UnB<\/strong>. <strong>Especialista em Odontologia para Pacientes com Necessidades Especiais <\/strong>(Universidade Paulista \u2013 FOUNIP) e <strong>Odontologia em Sa\u00fade Coletiva<\/strong> \u2013 UnB. <strong>Professora do Curso de Gradua\u00e7\u00e3o em Odontologia na Universidade Cat\u00f3lica de Bras\u00edlia \u2013 UCB<\/strong>.<\/p>\n\n\n\n<p>Experi\u00eancia como cirurgi\u00e3 dentista da Estrat\u00e9gia Sa\u00fade da Fam\u00edlia e odontologia para pessoas com necessidades especiais, realizando pesquisas sobre aten\u00e7\u00e3o em sa\u00fade bucal para pessoas com autismo. Realiza atendimentos odontol\u00f3gicos a pacientes com necessidades especiais em consult\u00f3rio\/cl\u00ednica particular em Bras\u00edlia \u2013 Distrito Federal.<\/p>\n<\/div><\/div>\n\n\n\n<p><a href=\"mailto:lais@autismo.odo.br\">lais@autismo.odo.br<\/a> | <a href=\"mailto:lais.davidamaral@gmail.com\">lais.davidamaral@gmail.com<\/a> | <strong><a href=\"https:\/\/wa.me\/5561998757001\">(<\/a><a href=\"https:\/\/wa.me\/5561998757001\" target=\"_blank\" rel=\"noreferrer noopener\">061) 99875 <\/a><a href=\"https:\/\/wa.me\/5561998757001\">7001<\/a><\/strong> (WhatsApp)<\/p>\n\n\n\n<p class=\"o-sticky o-sticky-scope-main-area o-sticky-pos-top o-sticky-bhvr-keep has-fit-text\"><strong>Atendimento Bras\u00edlia &#8211; Distrito Federal e Entorno<\/strong><\/p>\n\n\n\n<p>Odontologia para Pacientes com Necessidades Especiais em Bras\u00edlia, Plano Piloto, Asa Norte, Asa Sul, \u00c1guas Claras, Taguatinga, Ceil\u00e2ndia, Samambaia, Sobradinho, Guara, Vicente Pires, Lucio Costa, Goi\u00e2nia, Aparecida de Goi\u00e2nia, Valparaiso de Goi\u00e1s, Gama, Novo Gama.<\/p>\n\n\n\n<p><strong>Sobre o Instituto Ip\u00ea Amarelo:<\/strong> No Instituto Ip\u00ea Amarelo, o cuidado odontol\u00f3gico vai al\u00e9m do consult\u00f3rio tradicional. Atuamos de forma especializada e humanizada para atender pacientes que necessitam de abordagens diferenciadas, seja por limita\u00e7\u00f5es f\u00edsicas, cognitivas, comportamentais ou condi\u00e7\u00f5es cl\u00ednicas espec\u00edficas. Nosso compromisso \u00e9 garantir acesso pleno \u00e0 sa\u00fade bucal, evitando atrasos no tratamento, prevenindo complica\u00e7\u00f5es e promovendo qualidade de vida ao paciente e tranquilidade \u00e0 fam\u00edlia. Contamos com uma equipe experiente, infraestrutura adequada e tecnologia de ponta para realizar desde <strong>procedimentos convencionais at\u00e9 atendimentos de alta complexidade, incluindo seda\u00e7\u00e3o consciente em consult\u00f3rio, tratamentos sob anestesia geral em ambiente hospitalar, atendimento domiciliar, estomatologia, laserterapia, cirurgias a laser e acompanhamento de les\u00f5es bucais<\/strong>. Onde houver necessidade, levamos o cuidado com seguran\u00e7a, acolhimento e excel\u00eancia t\u00e9cnica.<\/p>\n\n\n\n<h2><strong>Outros Sites<\/strong><\/h2>\n\n\n\n<p><strong>Instagram Autismo e Odontologia: <\/strong><br><a href=\"https:\/\/instagram.com\/autismoeodontologia\">https:\/\/instagram.com\/autismoeodontologia<\/a><\/p>\n\n\n\n<p><strong>Youtube Autismo e Odontologia:<\/strong> <br><a href=\"https:\/\/www.youtube.com\/autismoeodontologia\" target=\"_blank\" rel=\"noreferrer noopener\">https:\/\/www.youtube.com\/autismoeodontologia<\/a><\/p>\n\n\n\n<p><strong>Instagram Ip\u00ea amarelo Odontologia: <\/strong><br><a href=\"https:\/\/www.instagram.com\/ipeamarelo.odontologia\">https:\/\/www.instagram.com\/ipeamarelo.odontologia<\/a><\/p>\n\n\n\n<p><strong>Odontologia Especial Cursos:<\/strong> <br><a href=\"https:\/\/www.odontologiaespecial.com.br\" target=\"_blank\" rel=\"noreferrer noopener\">https:\/\/www.odontologiaespecial.com.br<\/a><\/p>\n<p><\/p>\n\n\n\n<hr class=\"wp-block-separator has-css-opacity\"\/>\n\n\n","protected":false},"excerpt":{"rendered":"<p>Atendimento Odontol\u00f3gico para Pacientes com Necessidades Especiais: Profa. Dra. Lais David Amaral Atendimento &#8211; Bras\u00edlia: Asa Sul Fale comigo diretamente via WhatsApp para agendar sua consulta!WhatsApp | InstagramAtendimento: Segunda \u00e0 S\u00e1bado \/ Domingo e Feriados (Emerg\u00eancias e Cirurgias Agendadas) Atendimento &#8211; \u00c1guas Claras: \u00c1guas Claras Shopping e Instituto Ip\u00ea Amarelo [&hellip;]<\/p>\n","protected":false},"author":1,"featured_media":888,"parent":0,"menu_order":0,"comment_status":"closed","ping_status":"closed","template":"","meta":{"_themeisle_gutenberg_block_has_review":false,"jetpack_post_was_ever_published":false,"footnotes":""},"class_list":["post-167","page","type-page","status-publish","has-post-thumbnail","hentry"],"yoast_head":"<!-- This site is optimized with the Yoast SEO plugin v27.4 - https:\/\/yoast.com\/product\/yoast-seo-wordpress\/ -->\n<title>Atendimento Odontol\u00f3gico Pacientes com Necessidades Especiais - PNE - Bras\u00edlia - DF - Dra. Lais David Amaral - Autismo e Odontologia<\/title>\n<meta name=\"description\" content=\"Dra. Lais David Amaral \u00e9 especialista em odontologia com foco no atendimento de pacientes com necessidades especiais, com ampla experi\u00eancia em autismo, oferecendo atendimento humanizado, seguro e acolhedor para toda a fam\u00edlia.\" \/>\n<meta name=\"robots\" content=\"index, follow, max-snippet:-1, max-image-preview:large, max-video-preview:-1\" \/>\n<link rel=\"canonical\" href=\"https:\/\/autismo.odo.br\/site\/atendimento-odontologico-pacientes-com-necessidades-especiais-pne-brasilia-df\/\" \/>\n<meta property=\"og:locale\" content=\"pt_BR\" \/>\n<meta property=\"og:type\" content=\"article\" \/>\n<meta property=\"og:title\" content=\"Atendimento Odontol\u00f3gico Pacientes com Necessidades Especiais - PNE - Bras\u00edlia - DF - Dra. Lais David Amaral - Autismo e Odontologia\" \/>\n<meta property=\"og:description\" content=\"Dra. Lais David Amaral \u00e9 especialista em odontologia com foco no atendimento de pacientes com necessidades especiais, com ampla experi\u00eancia em autismo, oferecendo atendimento humanizado, seguro e acolhedor para toda a fam\u00edlia.\" \/>\n<meta property=\"og:url\" content=\"https:\/\/autismo.odo.br\/site\/atendimento-odontologico-pacientes-com-necessidades-especiais-pne-brasilia-df\/\" \/>\n<meta property=\"og:site_name\" content=\"Dra. Lais David Amaral - Autismo e Odontologia\" \/>\n<meta property=\"article:modified_time\" content=\"2025-12-21T17:58:46+00:00\" \/>\n<meta property=\"og:image\" content=\"https:\/\/mloxcugkbp6a.i.optimole.com\/w:auto\/h:auto\/q:mauto\/f:best\/http:\/\/autismo.odo.br\/site\/wp-content\/uploads\/2025\/12\/ipeamarelo-35-scaled.jpg\" \/>\n\t<meta property=\"og:image:width\" content=\"1707\" \/>\n\t<meta property=\"og:image:height\" content=\"2560\" \/>\n\t<meta property=\"og:image:type\" content=\"image\/jpeg\" \/>\n<meta name=\"twitter:card\" content=\"summary_large_image\" \/>\n<meta name=\"twitter:label1\" content=\"Est. tempo de leitura\" \/>\n\t<meta name=\"twitter:data1\" content=\"2 minutos\" \/>\n<script type=\"application\/ld+json\" class=\"yoast-schema-graph\">{\"@context\":\"https:\\\/\\\/schema.org\",\"@graph\":[{\"@type\":\"WebPage\",\"@id\":\"https:\\\/\\\/autismo.odo.br\\\/site\\\/atendimento-odontologico-pacientes-com-necessidades-especiais-pne-brasilia-df\\\/\",\"url\":\"https:\\\/\\\/autismo.odo.br\\\/site\\\/atendimento-odontologico-pacientes-com-necessidades-especiais-pne-brasilia-df\\\/\",\"name\":\"Atendimento Odontol\u00f3gico Pacientes com Necessidades Especiais - PNE - Bras\u00edlia - DF - Dra. Lais David Amaral - Autismo e Odontologia\",\"isPartOf\":{\"@id\":\"https:\\\/\\\/autismo.odo.br\\\/site\\\/#website\"},\"primaryImageOfPage\":{\"@id\":\"https:\\\/\\\/autismo.odo.br\\\/site\\\/atendimento-odontologico-pacientes-com-necessidades-especiais-pne-brasilia-df\\\/#primaryimage\"},\"image\":{\"@id\":\"https:\\\/\\\/autismo.odo.br\\\/site\\\/atendimento-odontologico-pacientes-com-necessidades-especiais-pne-brasilia-df\\\/#primaryimage\"},\"thumbnailUrl\":\"https:\\/\\/autismo.odo.br\\/site\\/wp-content\\/uploads\\/2025\\/12\\/ipeamarelo-35-scaled.jpg\",\"datePublished\":\"2019-06-06T04:25:36+00:00\",\"dateModified\":\"2025-12-21T17:58:46+00:00\",\"description\":\"Dra. Lais David Amaral \u00e9 especialista em odontologia com foco no atendimento de pacientes com necessidades especiais, com ampla experi\u00eancia em autismo, oferecendo atendimento humanizado, seguro e acolhedor para toda a fam\u00edlia.\",\"breadcrumb\":{\"@id\":\"https:\\\/\\\/autismo.odo.br\\\/site\\\/atendimento-odontologico-pacientes-com-necessidades-especiais-pne-brasilia-df\\\/#breadcrumb\"},\"inLanguage\":\"pt-BR\",\"potentialAction\":[{\"@type\":\"ReadAction\",\"target\":[\"https:\\\/\\\/autismo.odo.br\\\/site\\\/atendimento-odontologico-pacientes-com-necessidades-especiais-pne-brasilia-df\\\/\"]}]},{\"@type\":\"ImageObject\",\"inLanguage\":\"pt-BR\",\"@id\":\"https:\\\/\\\/autismo.odo.br\\\/site\\\/atendimento-odontologico-pacientes-com-necessidades-especiais-pne-brasilia-df\\\/#primaryimage\",\"url\":\"https:\\/\\/autismo.odo.br\\/site\\/wp-content\\/uploads\\/2025\\/12\\/ipeamarelo-35-scaled.jpg\",\"contentUrl\":\"https:\\/\\/autismo.odo.br\\/site\\/wp-content\\/uploads\\/2025\\/12\\/ipeamarelo-35-scaled.jpg\",\"width\":1707,\"height\":2560},{\"@type\":\"BreadcrumbList\",\"@id\":\"https:\\\/\\\/autismo.odo.br\\\/site\\\/atendimento-odontologico-pacientes-com-necessidades-especiais-pne-brasilia-df\\\/#breadcrumb\",\"itemListElement\":[{\"@type\":\"ListItem\",\"position\":1,\"name\":\"In\u00edcio\",\"item\":\"https:\\\/\\\/autismo.odo.br\\\/site\\\/\"},{\"@type\":\"ListItem\",\"position\":2,\"name\":\"Atendimento Odontol\u00f3gico Pacientes com Necessidades Especiais &#8211; PNE &#8211; Bras\u00edlia &#8211; DF\"}]},{\"@type\":\"WebSite\",\"@id\":\"https:\\\/\\\/autismo.odo.br\\\/site\\\/#website\",\"url\":\"https:\\\/\\\/autismo.odo.br\\\/site\\\/\",\"name\":\"Autismo e Odontologia\",\"description\":\"Dra. Lais David Amaral - Odontologia para Pacientes com Necessidades Especiais\",\"publisher\":{\"@id\":\"https:\\\/\\\/autismo.odo.br\\\/site\\\/#organization\"},\"potentialAction\":[{\"@type\":\"SearchAction\",\"target\":{\"@type\":\"EntryPoint\",\"urlTemplate\":\"https:\\\/\\\/autismo.odo.br\\\/site\\\/?s={search_term_string}\"},\"query-input\":{\"@type\":\"PropertyValueSpecification\",\"valueRequired\":true,\"valueName\":\"search_term_string\"}}],\"inLanguage\":\"pt-BR\"},{\"@type\":\"Organization\",\"@id\":\"https:\\\/\\\/autismo.odo.br\\\/site\\\/#organization\",\"name\":\"Autismo e Odontologia\",\"url\":\"https:\\\/\\\/autismo.odo.br\\\/site\\\/\",\"logo\":{\"@type\":\"ImageObject\",\"inLanguage\":\"pt-BR\",\"@id\":\"https:\\\/\\\/autismo.odo.br\\\/site\\\/#\\\/schema\\\/logo\\\/image\\\/\",\"url\":\"https:\\/\\/i2.wp.com\\/autismo.odo.br\\/site\\/wp-content\\/uploads\\/2017\\/04\\/Prof-Lais-Amaral-Cirurgia_Dentista-Odontologia-Pacientes-Especiais-Autismo-Brasilia-Distrito-Federal.jpg?fit=350%2C438&ssl=1\",\"contentUrl\":\"https:\\/\\/i2.wp.com\\/autismo.odo.br\\/site\\/wp-content\\/uploads\\/2017\\/04\\/Prof-Lais-Amaral-Cirurgia_Dentista-Odontologia-Pacientes-Especiais-Autismo-Brasilia-Distrito-Federal.jpg?fit=350%2C438&ssl=1\",\"width\":350,\"height\":438,\"caption\":\"Autismo e Odontologia\"},\"image\":{\"@id\":\"https:\\\/\\\/autismo.odo.br\\\/site\\\/#\\\/schema\\\/logo\\\/image\\\/\"},\"sameAs\":[\"http:\\\/\\\/instagram.com\\\/autismoeodontologia\"]}]}<\/script>\n<!-- \/ Yoast SEO plugin. -->","yoast_head_json":{"title":"Atendimento Odontol\u00f3gico Pacientes com Necessidades Especiais - PNE - Bras\u00edlia - DF - Dra. Lais David Amaral - Autismo e Odontologia","description":"Dra. Lais David Amaral \u00e9 especialista em odontologia com foco no atendimento de pacientes com necessidades especiais, com ampla experi\u00eancia em autismo, oferecendo atendimento humanizado, seguro e acolhedor para toda a fam\u00edlia.","robots":{"index":"index","follow":"follow","max-snippet":"max-snippet:-1","max-image-preview":"max-image-preview:large","max-video-preview":"max-video-preview:-1"},"canonical":"https:\/\/autismo.odo.br\/site\/atendimento-odontologico-pacientes-com-necessidades-especiais-pne-brasilia-df\/","og_locale":"pt_BR","og_type":"article","og_title":"Atendimento Odontol\u00f3gico Pacientes com Necessidades Especiais - PNE - Bras\u00edlia - DF - Dra. Lais David Amaral - Autismo e Odontologia","og_description":"Dra. Lais David Amaral \u00e9 especialista em odontologia com foco no atendimento de pacientes com necessidades especiais, com ampla experi\u00eancia em autismo, oferecendo atendimento humanizado, seguro e acolhedor para toda a fam\u00edlia.","og_url":"https:\/\/autismo.odo.br\/site\/atendimento-odontologico-pacientes-com-necessidades-especiais-pne-brasilia-df\/","og_site_name":"Dra. Lais David Amaral - Autismo e Odontologia","article_modified_time":"2025-12-21T17:58:46+00:00","og_image":[{"width":1707,"height":2560,"url":"https:\/\/mloxcugkbp6a.i.optimole.com\/w:auto\/h:auto\/q:mauto\/f:best\/http:\/\/autismo.odo.br\/site\/wp-content\/uploads\/2025\/12\/ipeamarelo-35-scaled.jpg","type":"image\/jpeg"}],"twitter_card":"summary_large_image","twitter_misc":{"Est. tempo de leitura":"2 minutos"},"schema":{"@context":"https:\/\/schema.org","@graph":[{"@type":"WebPage","@id":"https:\/\/autismo.odo.br\/site\/atendimento-odontologico-pacientes-com-necessidades-especiais-pne-brasilia-df\/","url":"https:\/\/autismo.odo.br\/site\/atendimento-odontologico-pacientes-com-necessidades-especiais-pne-brasilia-df\/","name":"Atendimento Odontol\u00f3gico Pacientes com Necessidades Especiais - PNE - Bras\u00edlia - DF - Dra. Lais David Amaral - Autismo e Odontologia","isPartOf":{"@id":"https:\/\/autismo.odo.br\/site\/#website"},"primaryImageOfPage":{"@id":"https:\/\/autismo.odo.br\/site\/atendimento-odontologico-pacientes-com-necessidades-especiais-pne-brasilia-df\/#primaryimage"},"image":{"@id":"https:\/\/autismo.odo.br\/site\/atendimento-odontologico-pacientes-com-necessidades-especiais-pne-brasilia-df\/#primaryimage"},"thumbnailUrl":"https:\/\/mloxcugkbp6a.i.optimole.com\/w:auto\/h:auto\/q:mauto\/f:best\/https:\/\/autismo.odo.br\/site\/wp-content\/uploads\/2025\/12\/ipeamarelo-35-scaled.jpg","datePublished":"2019-06-06T04:25:36+00:00","dateModified":"2025-12-21T17:58:46+00:00","description":"Dra. Lais David Amaral \u00e9 especialista em odontologia com foco no atendimento de pacientes com necessidades especiais, com ampla experi\u00eancia em autismo, oferecendo atendimento humanizado, seguro e acolhedor para toda a fam\u00edlia.","breadcrumb":{"@id":"https:\/\/autismo.odo.br\/site\/atendimento-odontologico-pacientes-com-necessidades-especiais-pne-brasilia-df\/#breadcrumb"},"inLanguage":"pt-BR","potentialAction":[{"@type":"ReadAction","target":["https:\/\/autismo.odo.br\/site\/atendimento-odontologico-pacientes-com-necessidades-especiais-pne-brasilia-df\/"]}]},{"@type":"ImageObject","inLanguage":"pt-BR","@id":"https:\/\/autismo.odo.br\/site\/atendimento-odontologico-pacientes-com-necessidades-especiais-pne-brasilia-df\/#primaryimage","url":"https:\/\/mloxcugkbp6a.i.optimole.com\/w:auto\/h:auto\/q:mauto\/f:best\/https:\/\/autismo.odo.br\/site\/wp-content\/uploads\/2025\/12\/ipeamarelo-35-scaled.jpg","contentUrl":"https:\/\/mloxcugkbp6a.i.optimole.com\/w:auto\/h:auto\/q:mauto\/f:best\/https:\/\/autismo.odo.br\/site\/wp-content\/uploads\/2025\/12\/ipeamarelo-35-scaled.jpg","width":1707,"height":2560},{"@type":"BreadcrumbList","@id":"https:\/\/autismo.odo.br\/site\/atendimento-odontologico-pacientes-com-necessidades-especiais-pne-brasilia-df\/#breadcrumb","itemListElement":[{"@type":"ListItem","position":1,"name":"In\u00edcio","item":"https:\/\/autismo.odo.br\/site\/"},{"@type":"ListItem","position":2,"name":"Atendimento Odontol\u00f3gico Pacientes com Necessidades Especiais &#8211; PNE &#8211; Bras\u00edlia &#8211; DF"}]},{"@type":"WebSite","@id":"https:\/\/autismo.odo.br\/site\/#website","url":"https:\/\/autismo.odo.br\/site\/","name":"Autismo e Odontologia","description":"Dra. Lais David Amaral - Odontologia para Pacientes com Necessidades Especiais","publisher":{"@id":"https:\/\/autismo.odo.br\/site\/#organization"},"potentialAction":[{"@type":"SearchAction","target":{"@type":"EntryPoint","urlTemplate":"https:\/\/autismo.odo.br\/site\/?s={search_term_string}"},"query-input":{"@type":"PropertyValueSpecification","valueRequired":true,"valueName":"search_term_string"}}],"inLanguage":"pt-BR"},{"@type":"Organization","@id":"https:\/\/autismo.odo.br\/site\/#organization","name":"Autismo e Odontologia","url":"https:\/\/autismo.odo.br\/site\/","logo":{"@type":"ImageObject","inLanguage":"pt-BR","@id":"https:\/\/autismo.odo.br\/site\/#\/schema\/logo\/image\/","url":"https:\/\/mloxcugkbp6a.i.optimole.com\/w:auto\/h:auto\/q:mauto\/f:best\/https:\/\/i2.wp.com\/autismo.odo.br\/site\/wp-content\/uploads\/2017\/04\/Prof-Lais-Amaral-Cirurgia_Dentista-Odontologia-Pacientes-Especiais-Autismo-Brasilia-Distrito-Federal.jpg?fit=350%2C438&ssl=1","contentUrl":"https:\/\/mloxcugkbp6a.i.optimole.com\/w:auto\/h:auto\/q:mauto\/f:best\/https:\/\/i2.wp.com\/autismo.odo.br\/site\/wp-content\/uploads\/2017\/04\/Prof-Lais-Amaral-Cirurgia_Dentista-Odontologia-Pacientes-Especiais-Autismo-Brasilia-Distrito-Federal.jpg?fit=350%2C438&ssl=1","width":350,"height":438,"caption":"Autismo e Odontologia"},"image":{"@id":"https:\/\/autismo.odo.br\/site\/#\/schema\/logo\/image\/"},"sameAs":["http:\/\/instagram.com\/autismoeodontologia"]}]}},"jetpack_shortlink":"https:\/\/wp.me\/P8Agdc-2H","jetpack_sharing_enabled":true,"_links":{"self":[{"href":"https:\/\/autismo.odo.br\/site\/wp-json\/wp\/v2\/pages\/167","targetHints":{"allow":["GET"]}}],"collection":[{"href":"https:\/\/autismo.odo.br\/site\/wp-json\/wp\/v2\/pages"}],"about":[{"href":"https:\/\/autismo.odo.br\/site\/wp-json\/wp\/v2\/types\/page"}],"author":[{"embeddable":true,"href":"https:\/\/autismo.odo.br\/site\/wp-json\/wp\/v2\/users\/1"}],"replies":[{"embeddable":true,"href":"https:\/\/autismo.odo.br\/site\/wp-json\/wp\/v2\/comments?post=167"}],"version-history":[{"count":26,"href":"https:\/\/autismo.odo.br\/site\/wp-json\/wp\/v2\/pages\/167\/revisions"}],"predecessor-version":[{"id":921,"href":"https:\/\/autismo.odo.br\/site\/wp-json\/wp\/v2\/pages\/167\/revisions\/921"}],"wp:featuredmedia":[{"embeddable":true,"href":"https:\/\/autismo.odo.br\/site\/wp-json\/wp\/v2\/media\/888"}],"wp:attachment":[{"href":"https:\/\/autismo.odo.br\/site\/wp-json\/wp\/v2\/media?parent=167"}],"curies":[{"name":"wp","href":"https:\/\/api.w.org\/{rel}","templated":true}]}}